{"id":1483,"date":"2022-12-21T20:33:42","date_gmt":"2022-12-21T20:33:42","guid":{"rendered":"https:\/\/mojsa2.vpsemotiv.com\/contacto\/"},"modified":"2025-06-04T16:17:26","modified_gmt":"2025-06-04T16:17:26","slug":"contacto","status":"publish","type":"page","link":"https:\/\/mojsarestaurante.com\/es\/contacto\/","title":{"rendered":"Contacto"},"content":{"rendered":"\t\t<div data-elementor-type=\"wp-page\" data-elementor-id=\"1483\" class=\"elementor elementor-1483 elementor-1073\" data-elementor-post-type=\"page\">\n\t\t\t\t\t\t<section class=\"elementor-section elementor-top-section elementor-element elementor-element-2816d7b elementor-section-boxed elementor-section-height-default elementor-section-height-default\" data-id=\"2816d7b\" data-element_type=\"section\" data-settings=\"{&quot;background_background&quot;:&quot;classic&quot;}\">\n\t\t\t\t\t\t<div class=\"elementor-container elementor-column-gap-default\">\n\t\t\t\t\t<div class=\"elementor-column elementor-col-50 elementor-top-column elementor-element elementor-element-ed0e90c\" data-id=\"ed0e90c\" data-element_type=\"column\">\n\t\t\t<div class=\"elementor-widget-wrap elementor-element-populated\">\n\t\t\t\t\t\t<div class=\"elementor-element elementor-element-ee5d5fc elementor-widget elementor-widget-heading\" data-id=\"ee5d5fc\" data-element_type=\"widget\" data-widget_type=\"heading.default\">\n\t\t\t\t<div class=\"elementor-widget-container\">\n\t\t\t\t\t<h2 class=\"elementor-heading-title elementor-size-default\">Contacta con nosotros<\/h2>\t\t\t\t<\/div>\n\t\t\t\t<\/div>\n\t\t\t\t<div class=\"elementor-element elementor-element-e640aa0 elementor-widget elementor-widget-heading\" data-id=\"e640aa0\" data-element_type=\"widget\" data-widget_type=\"heading.default\">\n\t\t\t\t<div class=\"elementor-widget-container\">\n\t\t\t\t\t<h2 class=\"elementor-heading-title elementor-size-default\">Reservas<\/h2>\t\t\t\t<\/div>\n\t\t\t\t<\/div>\n\t\t\t\t<div class=\"elementor-element elementor-element-b672b5c elementor-widget elementor-widget-text-editor\" data-id=\"b672b5c\" data-element_type=\"widget\" data-widget_type=\"text-editor.default\">\n\t\t\t\t<div class=\"elementor-widget-container\">\n\t\t\t\t\t\t\t\t\t<p><a style=\"color: #001c36;\" href=\"https:\/\/mojsarestaurante.mesa247.pe\/reservas\/mojsa-restaurante\" target=\"_blank\" rel=\"noopener\">Reservas en l\u00ednea aqu\u00ed<\/a><\/p>\t\t\t\t\t\t\t\t<\/div>\n\t\t\t\t<\/div>\n\t\t\t\t<div class=\"elementor-element elementor-element-714379c elementor-widget elementor-widget-text-editor\" data-id=\"714379c\" data-element_type=\"widget\" data-widget_type=\"text-editor.default\">\n\t\t\t\t<div class=\"elementor-widget-container\">\n\t\t\t\t\t\t\t\t\t<p>Tel\u00e9fono<br> +51<a style=\"color: #001c36;\" href=\"tel:+51%20992%20497%20939\"> 992 497 939<\/a><\/p>\t\t\t\t\t\t\t\t<\/div>\n\t\t\t\t<\/div>\n\t\t\t\t<div class=\"elementor-element elementor-element-e8e0469 elementor-widget elementor-widget-text-editor\" data-id=\"e8e0469\" data-element_type=\"widget\" data-widget_type=\"text-editor.default\">\n\t\t\t\t<div class=\"elementor-widget-container\">\n\t\t\t\t\t\t\t\t\tWhatsapp<br> +51<a href=\"https:\/\/wa.me\/51992497939\" style=\"color: #001C36;\"> 992 497 939<\/a>\t\t\t\t\t\t\t\t<\/div>\n\t\t\t\t<\/div>\n\t\t\t\t<div class=\"elementor-element elementor-element-94bf08f elementor-widget elementor-widget-text-editor\" data-id=\"94bf08f\" data-element_type=\"widget\" data-widget_type=\"text-editor.default\">\n\t\t\t\t<div class=\"elementor-widget-container\">\n\t\t\t\t\t\t\t\t\tCorreo electr\u00f3nico<br><a href=\"mailto:reservas@mojsarestaurante.com\" style=\"color: #001C36;\">reservas@mojsarestaurante.com<\/a>\t\t\t\t\t\t\t\t<\/div>\n\t\t\t\t<\/div>\n\t\t\t\t<div class=\"elementor-element elementor-element-e718509 elementor-widget-divider--view-line elementor-widget elementor-widget-divider\" data-id=\"e718509\" data-element_type=\"widget\" data-widget_type=\"divider.default\">\n\t\t\t\t<div class=\"elementor-widget-container\">\n\t\t\t\t\t\t\t<div class=\"elementor-divider\">\n\t\t\t<span class=\"elementor-divider-separator\">\n\t\t\t\t\t\t<\/span>\n\t\t<\/div>\n\t\t\t\t\t\t<\/div>\n\t\t\t\t<\/div>\n\t\t\t\t<div class=\"elementor-element elementor-element-c4a60e4 elementor-widget elementor-widget-heading\" data-id=\"c4a60e4\" data-element_type=\"widget\" data-widget_type=\"heading.default\">\n\t\t\t\t<div class=\"elementor-widget-container\">\n\t\t\t\t\t<h2 class=\"elementor-heading-title elementor-size-default\">S\u00edganos<\/h2>\t\t\t\t<\/div>\n\t\t\t\t<\/div>\n\t\t\t\t<div class=\"elementor-element elementor-element-0fbf22f elementor-shape-square e-grid-align-left elementor-grid-0 elementor-widget elementor-widget-social-icons\" data-id=\"0fbf22f\" data-element_type=\"widget\" data-widget_type=\"social-icons.default\">\n\t\t\t\t<div class=\"elementor-widget-container\">\n\t\t\t\t\t\t\t<div class=\"elementor-social-icons-wrapper elementor-grid\" role=\"list\">\n\t\t\t\t\t\t\t<span class=\"elementor-grid-item\" role=\"listitem\">\n\t\t\t\t\t<a class=\"elementor-icon elementor-social-icon elementor-social-icon- elementor-repeater-item-1a2d9f5\" href=\"https:\/\/www.tripadvisor.com.pe\/Restaurant_Review-g298442-d1161116-Reviews-Mojsa_Restaurante-Puno_Puno_Region.html\" target=\"_blank\">\n\t\t\t\t\t\t<span class=\"elementor-screen-only\"><\/span>\n\t\t\t\t\t\t<svg xmlns=\"http:\/\/www.w3.org\/2000\/svg\" viewBox=\"0 0 22.5 13.34\"><defs><style>      .cls-1 {        fill: #ff8f42;      }    <\/style><\/defs><g id=\"Capa_2\" data-name=\"Capa 2\"><g id=\"Capa_1-2\" data-name=\"Capa 1\"><path class=\"cls-1\" d=\"M12.44,11.18,11.23,13,10,11.2A5.63,5.63,0,0,1,1.1,4.35,8.74,8.74,0,0,0,0,2.12H3.53A16.55,16.55,0,0,1,10.92,0h.55a16.13,16.13,0,0,1,7.26,2.09h3.76a9.07,9.07,0,0,0-1.11,2.25,5.63,5.63,0,0,1-8.94,6.84Zm-6.8-8a4.5,4.5,0,1,0,4.49,4.5h0A4.49,4.49,0,0,0,5.64,3.18Zm2.7,4.45A2.78,2.78,0,1,1,5.57,4.85,2.77,2.77,0,0,1,8.34,7.63Zm-1,0A1.83,1.83,0,1,0,5.57,9.45,1.83,1.83,0,0,0,7.39,7.62Zm-1.83.94a.94.94,0,0,1,0-1.87.94.94,0,1,1,0,1.87ZM16.68,2.07A15.78,15.78,0,0,0,11.43,1h-.34A16.53,16.53,0,0,0,5.75,2.05a5.64,5.64,0,0,1,5.5,5.22A5.62,5.62,0,0,1,16.68,2.07ZM15.31,3.48a4.49,4.49,0,0,0-2.66,5.77h0a4.49,4.49,0,1,0,2.66-5.78Zm4.32,4.15a2.78,2.78,0,1,1-2.78-2.78,2.78,2.78,0,0,1,2.78,2.78ZM16.85,5.8a1.83,1.83,0,1,0,1.82,1.83h0A1.82,1.82,0,0,0,16.85,5.8Zm.94,1.83a.94.94,0,1,1-.94-.94A.94.94,0,0,1,17.79,7.63Z\"><\/path><\/g><\/g><\/svg>\t\t\t\t\t<\/a>\n\t\t\t\t<\/span>\n\t\t\t\t\t\t\t<span class=\"elementor-grid-item\" role=\"listitem\">\n\t\t\t\t\t<a class=\"elementor-icon elementor-social-icon elementor-social-icon- elementor-repeater-item-392d4a9\" href=\"https:\/\/www.facebook.com\/mojsarestaurant\" target=\"_blank\">\n\t\t\t\t\t\t<span class=\"elementor-screen-only\"><\/span>\n\t\t\t\t\t\t<svg xmlns=\"http:\/\/www.w3.org\/2000\/svg\" viewBox=\"0 0 17.5 17.5\"><defs><style>      .cls-1 {        fill: #ff8f42;      }    <\/style><\/defs><g id=\"Capa_2\" data-name=\"Capa 2\"><g id=\"Capa_1-2\" data-name=\"Capa 1\"><path class=\"cls-1\" d=\"M17.5,1.88V15.63a1.87,1.87,0,0,1-1.87,1.87H10.26V11.55h2.26L13,8.75H10.26V6.93a1.4,1.4,0,0,1,1.58-1.51h1.22V3a14.65,14.65,0,0,0-2.16-.19A3.42,3.42,0,0,0,7.24,6.62V8.75H4.78v2.8H7.24V17.5H1.88A1.88,1.88,0,0,1,0,15.63V1.88A1.88,1.88,0,0,1,1.88,0H15.63A1.88,1.88,0,0,1,17.5,1.88Z\"><\/path><\/g><\/g><\/svg>\t\t\t\t\t<\/a>\n\t\t\t\t<\/span>\n\t\t\t\t\t\t\t<span class=\"elementor-grid-item\" role=\"listitem\">\n\t\t\t\t\t<a class=\"elementor-icon elementor-social-icon elementor-social-icon- elementor-repeater-item-9a4e945\" href=\"https:\/\/www.instagram.com\/mojsarestaurante\/\" target=\"_blank\">\n\t\t\t\t\t\t<span class=\"elementor-screen-only\"><\/span>\n\t\t\t\t\t\t<svg xmlns=\"http:\/\/www.w3.org\/2000\/svg\" viewBox=\"0 0 17.51 17.51\"><defs><style>      .cls-1 {        fill: #ff8f42;      }    <\/style><\/defs><g id=\"Capa_2\" data-name=\"Capa 2\"><g id=\"Capa_1-2\" data-name=\"Capa 1\"><path class=\"cls-1\" d=\"M17.45,12.36A5.19,5.19,0,0,1,16,16a5.12,5.12,0,0,1-3.66,1.41c-1.45.09-5.78.09-7.23,0A5.2,5.2,0,0,1,1.48,16,5.19,5.19,0,0,1,.06,12.36C0,10.92,0,6.58.06,5.14A5.21,5.21,0,0,1,1.48,1.47,5.22,5.22,0,0,1,5.14.06C6.59,0,10.92,0,12.37.06A5.17,5.17,0,0,1,16,1.48a5.17,5.17,0,0,1,1.42,3.66C17.53,6.59,17.53,10.92,17.45,12.36ZM15.93,8.75c0-1.27.11-4-.35-5.16a3,3,0,0,0-1.66-1.66c-1.15-.45-3.89-.35-5.16-.35s-4-.11-5.16.35A3,3,0,0,0,1.93,3.59c-.45,1.15-.35,3.89-.35,5.16s-.1,4,.35,5.16A3,3,0,0,0,3.6,15.58c1.15.45,3.88.35,5.16.35s4,.1,5.16-.35a2.93,2.93,0,0,0,1.66-1.67C16,12.76,15.93,10,15.93,8.75Zm-2.68,0A4.49,4.49,0,1,1,8.76,4.26,4.48,4.48,0,0,1,13.25,8.75Zm-1.58,0a2.92,2.92,0,1,0-2.91,2.92A2.91,2.91,0,0,0,11.67,8.75Zm1.76-3.62a1,1,0,1,1,1.05-1A1,1,0,0,1,13.43,5.13Z\"><\/path><\/g><\/g><\/svg>\t\t\t\t\t<\/a>\n\t\t\t\t<\/span>\n\t\t\t\t\t\t\t<span class=\"elementor-grid-item\" role=\"listitem\">\n\t\t\t\t\t<a class=\"elementor-icon elementor-social-icon elementor-social-icon-tiktok elementor-repeater-item-4d30d22\" href=\"https:\/\/www.tiktok.com\/@mojsarestaurante\" target=\"_blank\">\n\t\t\t\t\t\t<span class=\"elementor-screen-only\">Tiktok<\/span>\n\t\t\t\t\t\t<svg class=\"e-font-icon-svg e-fab-tiktok\" viewBox=\"0 0 448 512\" xmlns=\"http:\/\/www.w3.org\/2000\/svg\"><path d=\"M448,209.91a210.06,210.06,0,0,1-122.77-39.25V349.38A162.55,162.55,0,1,1,185,188.31V278.2a74.62,74.62,0,1,0,52.23,71.18V0l88,0a121.18,121.18,0,0,0,1.86,22.17h0A122.18,122.18,0,0,0,381,102.39a121.43,121.43,0,0,0,67,20.14Z\"><\/path><\/svg>\t\t\t\t\t<\/a>\n\t\t\t\t<\/span>\n\t\t\t\t\t<\/div>\n\t\t\t\t\t\t<\/div>\n\t\t\t\t<\/div>\n\t\t\t\t\t<\/div>\n\t\t<\/div>\n\t\t\t\t<div class=\"elementor-column elementor-col-50 elementor-top-column elementor-element elementor-element-53a0116\" data-id=\"53a0116\" data-element_type=\"column\">\n\t\t\t<div class=\"elementor-widget-wrap elementor-element-populated\">\n\t\t\t\t\t\t<div class=\"elementor-element elementor-element-7b97b15 elementor-widget elementor-widget-heading\" data-id=\"7b97b15\" data-element_type=\"widget\" data-widget_type=\"heading.default\">\n\t\t\t\t<div class=\"elementor-widget-container\">\n\t\t\t\t\t<h2 class=\"elementor-heading-title elementor-size-default\">Encu\u00e9ntranos<\/h2>\t\t\t\t<\/div>\n\t\t\t\t<\/div>\n\t\t\t\t<div class=\"elementor-element elementor-element-64b992d elementor-widget elementor-widget-text-editor\" data-id=\"64b992d\" data-element_type=\"widget\" data-widget_type=\"text-editor.default\">\n\t\t\t\t<div class=\"elementor-widget-container\">\n\t\t\t\t\t\t\t\t\tJr. Lima N\u00b0 635 &#8211; 2\u00ba piso<br>Puno &#8211; Per\u00fa\t\t\t\t\t\t\t\t<\/div>\n\t\t\t\t<\/div>\n\t\t\t\t<section class=\"elementor-section elementor-inner-section elementor-element elementor-element-53fad4c elementor-section-boxed elementor-section-height-default elementor-section-height-default\" data-id=\"53fad4c\" data-element_type=\"section\">\n\t\t\t\t\t\t<div class=\"elementor-container elementor-column-gap-default\">\n\t\t\t\t\t<div class=\"elementor-column elementor-col-50 elementor-inner-column elementor-element elementor-element-60dd0a2\" data-id=\"60dd0a2\" data-element_type=\"column\">\n\t\t\t<div class=\"elementor-widget-wrap elementor-element-populated\">\n\t\t\t\t\t\t<div class=\"elementor-element elementor-element-53468b6 elementor-widget elementor-widget-button\" data-id=\"53468b6\" data-element_type=\"widget\" data-widget_type=\"button.default\">\n\t\t\t\t<div class=\"elementor-widget-container\">\n\t\t\t\t\t\t\t\t\t<div class=\"elementor-button-wrapper\">\n\t\t\t\t\t<a class=\"elementor-button elementor-button-link elementor-size-sm\" href=\"https:\/\/waze.com\/ul\/h6mnjykr6y\">\n\t\t\t\t\t\t<span class=\"elementor-button-content-wrapper\">\n\t\t\t\t\t\t\t\t\t<span class=\"elementor-button-text\">Ir con Waze<\/span>\n\t\t\t\t\t<\/span>\n\t\t\t\t\t<\/a>\n\t\t\t\t<\/div>\n\t\t\t\t\t\t\t\t<\/div>\n\t\t\t\t<\/div>\n\t\t\t\t\t<\/div>\n\t\t<\/div>\n\t\t\t\t<div class=\"elementor-column elementor-col-50 elementor-inner-column elementor-element elementor-element-1d9aba6\" data-id=\"1d9aba6\" data-element_type=\"column\">\n\t\t\t<div class=\"elementor-widget-wrap elementor-element-populated\">\n\t\t\t\t\t\t<div class=\"elementor-element elementor-element-9022373 elementor-align-left elementor-widget elementor-widget-button\" data-id=\"9022373\" data-element_type=\"widget\" data-widget_type=\"button.default\">\n\t\t\t\t<div class=\"elementor-widget-container\">\n\t\t\t\t\t\t\t\t\t<div class=\"elementor-button-wrapper\">\n\t\t\t\t\t<a class=\"elementor-button elementor-button-link elementor-size-sm\" href=\"https:\/\/goo.gl\/maps\/CGnwKanqniKKoU6i8\">\n\t\t\t\t\t\t<span class=\"elementor-button-content-wrapper\">\n\t\t\t\t\t\t\t\t\t<span class=\"elementor-button-text\">Ver en Google Maps<\/span>\n\t\t\t\t\t<\/span>\n\t\t\t\t\t<\/a>\n\t\t\t\t<\/div>\n\t\t\t\t\t\t\t\t<\/div>\n\t\t\t\t<\/div>\n\t\t\t\t\t<\/div>\n\t\t<\/div>\n\t\t\t\t\t<\/div>\n\t\t<\/section>\n\t\t\t\t<div class=\"elementor-element elementor-element-17264e8 elementor-widget__width-initial elementor-widget elementor-widget-google_maps\" data-id=\"17264e8\" data-element_type=\"widget\" data-widget_type=\"google_maps.default\">\n\t\t\t\t<div class=\"elementor-widget-container\">\n\t\t\t\t\t\t\t<div class=\"elementor-custom-embed\">\n\t\t\t<iframe loading=\"lazy\"\n\t\t\t\t\tsrc=\"https:\/\/maps.google.com\/maps?q=Jr.%20Lima%20635%2C%20Puno%2021001&#038;t=m&#038;z=15&#038;output=embed&#038;iwloc=near\"\n\t\t\t\t\ttitle=\"Jr. Lima 635, Puno 21001\"\n\t\t\t\t\taria-label=\"Jr. Lima 635, Puno 21001\"\n\t\t\t><\/iframe>\n\t\t<\/div>\n\t\t\t\t\t\t<\/div>\n\t\t\t\t<\/div>\n\t\t\t\t\t<\/div>\n\t\t<\/div>\n\t\t\t\t\t<\/div>\n\t\t<\/section>\n\t\t\t\t<\/div>\n\t\t","protected":false},"excerpt":{"rendered":"<p>Contacta con nosotros Reservas Reservas en l\u00ednea aqu\u00ed Tel\u00e9fono +51 992 497 939 Whatsapp +51 992 497 939Correo electr\u00f3nicoreservas@mojsarestaurante.com S\u00edganos Tiktok Encu\u00e9ntranos Jr. Lima N\u00b0 635 &#8211; 2\u00ba pisoPuno &#8211; Per\u00fa Ir con Waze Ver en Google Maps<\/p>\n","protected":false},"author":3,"featured_media":0,"parent":0,"menu_order":0,"comment_status":"closed","ping_status":"closed","template":"elementor_header_footer","meta":{"footnotes":""},"class_list":["post-1483","page","type-page","status-publish","hentry"],"aioseo_notices":[],"_links":{"self":[{"href":"https:\/\/mojsarestaurante.com\/es\/wp-json\/wp\/v2\/pages\/1483","targetHints":{"allow":["GET"]}}],"collection":[{"href":"https:\/\/mojsarestaurante.com\/es\/wp-json\/wp\/v2\/pages"}],"about":[{"href":"https:\/\/mojsarestaurante.com\/es\/wp-json\/wp\/v2\/types\/page"}],"author":[{"embeddable":true,"href":"https:\/\/mojsarestaurante.com\/es\/wp-json\/wp\/v2\/users\/3"}],"replies":[{"embeddable":true,"href":"https:\/\/mojsarestaurante.com\/es\/wp-json\/wp\/v2\/comments?post=1483"}],"version-history":[{"count":4,"href":"https:\/\/mojsarestaurante.com\/es\/wp-json\/wp\/v2\/pages\/1483\/revisions"}],"predecessor-version":[{"id":2995,"href":"https:\/\/mojsarestaurante.com\/es\/wp-json\/wp\/v2\/pages\/1483\/revisions\/2995"}],"wp:attachment":[{"href":"https:\/\/mojsarestaurante.com\/es\/wp-json\/wp\/v2\/media?parent=1483"}],"curies":[{"name":"wp","href":"https:\/\/api.w.org\/{rel}","templated":true}]}}